{"id":4925,"date":"2016-07-21T10:16:03","date_gmt":"2016-07-21T10:16:03","guid":{"rendered":"https:\/\/www.ceosaconstruccion.com\/home\/"},"modified":"2020-07-23T07:32:29","modified_gmt":"2020-07-23T07:32:29","slug":"home","status":"publish","type":"page","link":"https:\/\/www.ceosaconstruccion.com\/en\/","title":{"rendered":"Inicio"},"content":{"rendered":"<section class=\"l-section wpb_row us_custom_5be42eb8 height_large\"><div class=\"l-section-h i-cf\"><div class=\"g-cols vc_row via_flex valign_top type_default stacking_default\"><div class=\"vc_col-sm-5 wpb_column vc_column_container has_text_color has_bg_color us_animate_afl\" style=\"animation-delay:0.5s\"><div class=\"vc_column-inner us_custom_9723bcb4\"><div class=\"wpb_wrapper\"><div class=\"wpb_text_column\"><div class=\"wpb_wrapper\"><h1>Bodegas Darien<br \/>\nLogro\u00f1o (La Rioja)<\/h1>\n<p>Integration in the landscape<\/p>\n<\/div><\/div><div class=\"w-separator size_small\"><\/div><div class=\"w-btn-wrapper align_none\"><a class=\"w-btn us-btn-style_3\" title=\"Bodegas Darien\" href=\"https:\/\/www.ceosaconstruccion.com\/en\/portfolio\/bodegas-darien\/\"><span class=\"w-btn-label\">View project<\/span><\/a><\/div><\/div><\/div><\/div><div class=\"vc_col-sm-7 vc_hidden-lg vc_hidden-md vc_hidden-sm wpb_column vc_column_container us_animate_afb\"><div class=\"vc_column-inner\"><div class=\"wpb_wrapper\"><div class=\"w-image us_custom_2d9ebfef align_center\"><div class=\"w-image-h\"><img decoding=\"async\" width=\"1323\" height=\"680\" src=\"https:\/\/www.ceosaconstruccion.com\/wp-content\/uploads\/2020\/06\/darien-home-destacada.jpg\" class=\"attachment-full size-full\" alt=\"\" loading=\"lazy\" srcset=\"https:\/\/www.ceosaconstruccion.com\/wp-content\/uploads\/2020\/06\/darien-home-destacada.jpg 1323w, https:\/\/www.ceosaconstruccion.com\/wp-content\/uploads\/2020\/06\/darien-home-destacada-300x154.jpg 300w, https:\/\/www.ceosaconstruccion.com\/wp-content\/uploads\/2020\/06\/darien-home-destacada-1024x526.jpg 1024w, https:\/\/www.ceosaconstruccion.com\/wp-content\/uploads\/2020\/06\/darien-home-destacada-140x72.jpg 140w, https:\/\/www.ceosaconstruccion.com\/wp-content\/uploads\/2020\/06\/darien-home-destacada-220x113.jpg 220w\" sizes=\"auto, (max-width: 1323px) 100vw, 1323px\" \/><\/div><\/div><\/div><\/div><\/div><\/div><\/div><\/section><section class=\"l-section wpb_row height_medium color_alternate parallax_ver\"><div class=\"l-section-h i-cf\"><div class=\"g-cols vc_row via_flex valign_top type_default stacking_default\"><div class=\"vc_col-sm-12 wpb_column vc_column_container us_animate_afb\"><div class=\"vc_column-inner\"><div class=\"wpb_wrapper\"><div class=\"wpb_text_column\"><div class=\"wpb_wrapper\"><h2>NEWS<\/h2>\n<\/div><\/div><div class=\"w-separator size_medium\"><\/div><div class=\"w-grid us_grid type_grid layout_4567 cols_3 preload_style_spinner\" id=\"us_grid_1\" style=\"--columns:3;--gap:12px;\" data-filterable=\"true\"><style>@media (max-width:1024px){#us_grid_1{--columns:2!important}}@media (max-width:600px){#us_grid_1{--columns:1!important}}.layout_4567 .w-grid-item-h{}.layout_4567 .usg_post_image_1{transition-duration:0.3s;transform-origin:50% 50%;transform:scale(1) translate(0%,0%)}.layout_4567 .w-grid-item-h:focus-within .usg_post_image_1,.layout_4567 .w-grid-item-h:hover .usg_post_image_1{transform:scale(1) translate(0%,0%);opacity:0.75}.layout_4567 .usg_post_title_1{font-size:1.4rem!important;line-height:1.2!important;margin-top:20px!important}.layout_4567 .usg_hwrapper_1{color:#999999!important;font-size:14px!important}.layout_4567 .usg_post_image_1{width:100%!important;max-height:235px!important;min-height:235px!important;margin-top:0.6rem!important}.layout_4567 .usg_post_content_1{font-size:0.9rem!important;line-height:1.7!important;margin-top:0.8rem!important}@media (min-width:601px) and (max-width:1024px){.layout_4567 .usg_post_image_1{width:100%!important}}@media (max-width:600px){.layout_4567 .usg_post_title_1{font-size:1.2rem!important}.layout_4567 .usg_post_image_1{width:100%!important}}<\/style><div class=\"w-grid-list\">\t<article class=\"w-grid-item size_1x1 post-5302 post type-post status-publish format-standard has-post-thumbnail hentry category-uncategorized\" data-id=\"5302\">\r\n\t\t<div class=\"w-grid-item-h\">\r\n\t\t\t\t\t\t\t<a href=\"https:\/\/www.ceosaconstruccion.com\/en\/completion-of-the-first-phase-of-garnacha\/\" class=\"w-grid-item-anchor\" aria-label=\"Completion of the First Phase of Garnacha\"><\/a>\r\n\t\t\t\t\t\t<div class=\"w-post-elm post_image usg_post_image_1 has_width has_height stretched\"><img loading=\"lazy\" decoding=\"async\" width=\"600\" height=\"400\" src=\"https:\/\/www.ceosaconstruccion.com\/wp-content\/uploads\/2025\/08\/6-garnacha-600x400.jpg\" class=\"attachment-us_600_400_crop size-us_600_400_crop wp-post-image\" alt=\"Residencial Garnacha\" srcset=\"https:\/\/www.ceosaconstruccion.com\/wp-content\/uploads\/2025\/08\/6-garnacha-600x400.jpg 600w, https:\/\/www.ceosaconstruccion.com\/wp-content\/uploads\/2025\/08\/6-garnacha-300x200.jpg 300w, https:\/\/www.ceosaconstruccion.com\/wp-content\/uploads\/2025\/08\/6-garnacha-1024x683.jpg 1024w, https:\/\/www.ceosaconstruccion.com\/wp-content\/uploads\/2025\/08\/6-garnacha-140x93.jpg 140w, https:\/\/www.ceosaconstruccion.com\/wp-content\/uploads\/2025\/08\/6-garnacha-220x147.jpg 220w, https:\/\/www.ceosaconstruccion.com\/wp-content\/uploads\/2025\/08\/6-garnacha.jpg 1200w\" sizes=\"auto, (max-width: 600px) 100vw, 600px\" \/><\/div><h2 class=\"w-post-elm post_title usg_post_title_1 entry-title color_link_inherit\">Completion of the First Phase of Garnacha<\/h2><div class=\"w-hwrapper usg_hwrapper_1 has_text_color align_left valign_top wrap\"><time class=\"w-post-elm post_date usg_post_date_1 entry-date published\" datetime=\"2025-12-22T08:35:10+00:00\" title=\"22 December 2025 at 08:35:10 +00:00\">22 December 2025<\/time><\/div><div class=\"w-post-elm post_content usg_post_content_1\">CEOSA Construcci\u00f3n has successfully completed the works corresponding to the first phase of Residencial Garnacha, a project comprising 25 homes located in the Campillo area, a well-established and highly attractive residential environment. This first phase represents a significant milestone in the development of the building, which has been designed in&hellip;<\/div>\t\t<\/div>\r\n\t\t\t<\/article>\r\n\t<article class=\"w-grid-item size_1x1 post-5379 post type-post status-publish format-standard has-post-thumbnail hentry category-uncategorized\" data-id=\"5379\">\r\n\t\t<div class=\"w-grid-item-h\">\r\n\t\t\t\t\t\t\t<a href=\"https:\/\/www.ceosaconstruccion.com\/en\/start-of-construction-works-for-vpo-housing-in-la-cava-and-fardachon\/\" class=\"w-grid-item-anchor\" aria-label=\"Start of Construction Works for VPO Housing in La Cava and Fardach\u00f3n\"><\/a>\r\n\t\t\t\t\t\t<div class=\"w-post-elm post_image usg_post_image_1 has_width has_height stretched\"><img loading=\"lazy\" decoding=\"async\" width=\"600\" height=\"400\" src=\"https:\/\/www.ceosaconstruccion.com\/wp-content\/uploads\/2025\/11\/LA-CAVA-1-HD-copia-web-600x400.jpg\" class=\"attachment-us_600_400_crop size-us_600_400_crop wp-post-image\" alt=\"\" srcset=\"https:\/\/www.ceosaconstruccion.com\/wp-content\/uploads\/2025\/11\/LA-CAVA-1-HD-copia-web-600x400.jpg 600w, https:\/\/www.ceosaconstruccion.com\/wp-content\/uploads\/2025\/11\/LA-CAVA-1-HD-copia-web-300x201.jpg 300w, https:\/\/www.ceosaconstruccion.com\/wp-content\/uploads\/2025\/11\/LA-CAVA-1-HD-copia-web-140x94.jpg 140w, https:\/\/www.ceosaconstruccion.com\/wp-content\/uploads\/2025\/11\/LA-CAVA-1-HD-copia-web-220x148.jpg 220w\" sizes=\"auto, (max-width: 600px) 100vw, 600px\" \/><\/div><h2 class=\"w-post-elm post_title usg_post_title_1 entry-title color_link_inherit\">Start of Construction Works for VPO Housing in La Cava and Fardach\u00f3n<\/h2><div class=\"w-hwrapper usg_hwrapper_1 has_text_color align_left valign_top wrap\"><time class=\"w-post-elm post_date usg_post_date_1 entry-date published\" datetime=\"2025-11-20T12:56:48+00:00\" title=\"20 November 2025 at 12:56:48 +00:00\">20 November 2025<\/time><\/div><div class=\"w-post-elm post_content usg_post_content_1\">CEOSA Construcci\u00f3n iniciar\u00e1 pr\u00f3ximamente los trabajos correspondientes a dos nuevas promociones de Vivienda de Protecci\u00f3n Oficial (VPO) en Logro\u00f1o, ubicadas en las zonas de La Cava y Fardach\u00f3n, dos \u00e1reas en pleno desarrollo y con gran demanda residencial. La primera promoci\u00f3n se situar\u00e1 en la zona de La Cava y&hellip;<\/div>\t\t<\/div>\r\n\t\t\t<\/article>\r\n\t<article class=\"w-grid-item size_1x1 post-5040 post type-post status-publish format-standard has-post-thumbnail hentry category-uncategorized\" data-id=\"5040\">\r\n\t\t<div class=\"w-grid-item-h\">\r\n\t\t\t\t\t\t\t<a href=\"https:\/\/www.ceosaconstruccion.com\/en\/ceosa-starts-construction-of-14-houses-in-logrono\/\" class=\"w-grid-item-anchor\" aria-label=\"CEOSA starts construction of 14 houses in Logro\u00f1o\"><\/a>\r\n\t\t\t\t\t\t<div class=\"w-post-elm post_image usg_post_image_1 has_width has_height stretched\"><img loading=\"lazy\" decoding=\"async\" width=\"600\" height=\"400\" src=\"https:\/\/www.ceosaconstruccion.com\/wp-content\/uploads\/2020\/06\/7infantes-600x400.jpg\" class=\"attachment-us_600_400_crop size-us_600_400_crop wp-post-image\" alt=\"\" \/><\/div><h2 class=\"w-post-elm post_title usg_post_title_1 entry-title color_link_inherit\">CEOSA starts construction of 14 houses in Logro\u00f1o<\/h2><div class=\"w-hwrapper usg_hwrapper_1 has_text_color align_left valign_top wrap\"><time class=\"w-post-elm post_date usg_post_date_1 entry-date published\" datetime=\"2020-06-08T08:35:10+00:00\" title=\"8 June 2020 at 08:35:10 +00:00\">8 June 2020<\/time><\/div><div class=\"w-post-elm post_content usg_post_content_1\">CEOSA has started construction on this innovative, avant-garde building, which is located in the \u201cSiete Infantes de Lara\u201d district, with large gardened areas just 15 minutes walk from the city centre. A total of 14 exclusive homes in a privileged residential area. A private area with swimming pool, attics, ground&hellip;<\/div>\t\t<\/div>\r\n\t\t\t<\/article>\r\n<\/div>\t<div class=\"w-grid-preloader\">\r\n\t\t<div class=\"g-preloader type_custom\">\r\n\t\t\t<div><img loading=\"lazy\" decoding=\"async\" width=\"300\" height=\"300\" src=\"https:\/\/www.ceosaconstruccion.com\/wp-content\/uploads\/2020\/02\/icono-ceosa-300x300.png\" class=\"attachment-medium size-medium\" alt=\"icono-ceosa\" srcset=\"https:\/\/www.ceosaconstruccion.com\/wp-content\/uploads\/2020\/02\/icono-ceosa-300x300.png 300w, https:\/\/www.ceosaconstruccion.com\/wp-content\/uploads\/2020\/02\/icono-ceosa-150x150.png 150w, https:\/\/www.ceosaconstruccion.com\/wp-content\/uploads\/2020\/02\/icono-ceosa.png 512w\" sizes=\"auto, (max-width: 300px) 100vw, 300px\" \/><\/div>\r\n\t\t<\/div>\r\n\t<\/div>\r\n\t\t<div class=\"w-grid-json hidden\" onclick='return {&quot;action&quot;:&quot;us_ajax_grid&quot;,&quot;infinite_scroll&quot;:0,&quot;max_num_pages&quot;:3,&quot;pagination&quot;:&quot;none&quot;,&quot;template_vars&quot;:{&quot;columns&quot;:&quot;3&quot;,&quot;exclude_items&quot;:&quot;none&quot;,&quot;img_size&quot;:&quot;default&quot;,&quot;ignore_items_size&quot;:0,&quot;items_layout&quot;:&quot;4567&quot;,&quot;items_offset&quot;:&quot;1&quot;,&quot;load_animation&quot;:&quot;none&quot;,&quot;overriding_link&quot;:&quot;%7B%22type%22%3A%22post%22%7D&quot;,&quot;post_id&quot;:0,&quot;query_args&quot;:{&quot;post_type&quot;:[&quot;post&quot;],&quot;post_status&quot;:[&quot;publish&quot;,&quot;acf-disabled&quot;],&quot;posts_per_page&quot;:&quot;3&quot;},&quot;orderby_query_args&quot;:{&quot;orderby&quot;:{&quot;date&quot;:&quot;DESC&quot;}},&quot;type&quot;:&quot;grid&quot;,&quot;us_grid_post_type&quot;:&quot;post&quot;,&quot;us_grid_ajax_index&quot;:1,&quot;us_grid_filter_query_string&quot;:null,&quot;us_grid_index&quot;:1,&quot;page_args&quot;:[],&quot;lang&quot;:&quot;en&quot;}}'><\/div>\r\n\t<\/div><\/div><\/div><\/div><\/div><\/div><\/section><section class=\"l-section wpb_row height_medium\"><div class=\"l-section-h i-cf\"><div class=\"g-cols vc_row via_flex valign_top type_default stacking_default\"><div class=\"vc_col-sm-12 wpb_column vc_column_container us_animate_afb\"><div class=\"vc_column-inner\"><div class=\"wpb_wrapper\"><div class=\"wpb_text_column\"><div class=\"wpb_wrapper\"><h2>HIGH PROFILE PROJECTS<\/h2>\n<\/div><\/div><div class=\"w-separator size_medium\"><\/div><div class=\"w-grid us_grid type_grid layout_portfolio_12 cols_4 preload_style_spinner ratio_1x1\" id=\"us_grid_2\" style=\"--columns:4;--gap:0.75rem;--item-ratio:1;\" data-filterable=\"true\"><style>@media (max-width:1380px){#us_grid_2{--columns:3!important}}@media (max-width:1024px){#us_grid_2{--columns:2!important}}@media (max-width:600px){#us_grid_2{--columns:1!important}}@media (min-width:1024px){#us_grid_2 .w-post-elm.post_title{font-size:1.4rem!important}}.layout_portfolio_12 .w-grid-item-h{}.layout_portfolio_12 .usg_post_image_1{transition-duration:0.25s;transform-origin:50% 50%;transform:scale(1) translate(0%,0%)}.layout_portfolio_12 .w-grid-item-h:focus-within .usg_post_image_1,.layout_portfolio_12 .w-grid-item-h:hover .usg_post_image_1{transform:scale(1) translate(0%,0%);opacity:0.1}.layout_portfolio_12 .usg_post_title_1{transition-duration:0.25s;transform-origin:50% 50%;transform:scale(1) translate(0%,-50%);opacity:0}.layout_portfolio_12 .w-grid-item-h:focus-within .usg_post_title_1,.layout_portfolio_12 .w-grid-item-h:hover .usg_post_title_1{transform:scale(1) translate(0%,0%);opacity:1}.layout_portfolio_12 .usg_post_taxonomy_1{transition-duration:0.25s;transform-origin:50% 50%;transform:scale(1) translate(0%,75%);opacity:0}.layout_portfolio_12 .w-grid-item-h:focus-within .usg_post_taxonomy_1,.layout_portfolio_12 .w-grid-item-h:hover .usg_post_taxonomy_1{transform:scale(1) translate(0%,0%);opacity:0.75}.layout_portfolio_12 .usg_post_image_1{position:absolute!important;top:0!important;right:0!important;bottom:0!important;left:0!important}.layout_portfolio_12 .usg_vwrapper_1{position:absolute!important;top:0!important;right:0!important;bottom:0!important;left:0!important;padding:4rem!important}.layout_portfolio_12 .usg_post_title_1{color:inherit!important;font-size:1.4rem!important}<\/style><div class=\"w-grid-list\">\t<article class=\"w-grid-item size_1x1 post-5229 us_portfolio type-us_portfolio status-publish has-post-thumbnail hentry\" data-id=\"5229\">\r\n\t\t<div class=\"w-grid-item-h\">\r\n\t\t\t\t\t\t\t<a href=\"https:\/\/www.ceosaconstruccion.com\/en\/portfolio\/office-renovation-employment\/\" class=\"w-grid-item-anchor\" aria-label=\"Office renovation Employment\"><\/a>\r\n\t\t\t\t\t\t<div class=\"w-post-elm post_image usg_post_image_1 stretched\"><img loading=\"lazy\" decoding=\"async\" width=\"1024\" height=\"683\" src=\"https:\/\/www.ceosaconstruccion.com\/wp-content\/uploads\/2022\/07\/5L_4398-web-1024x683.jpg\" class=\"attachment-large size-large wp-post-image\" alt=\"Reforma Oficina Empleo\" srcset=\"https:\/\/www.ceosaconstruccion.com\/wp-content\/uploads\/2022\/07\/5L_4398-web-1024x683.jpg 1024w, https:\/\/www.ceosaconstruccion.com\/wp-content\/uploads\/2022\/07\/5L_4398-web-300x200.jpg 300w, https:\/\/www.ceosaconstruccion.com\/wp-content\/uploads\/2022\/07\/5L_4398-web-140x93.jpg 140w, https:\/\/www.ceosaconstruccion.com\/wp-content\/uploads\/2022\/07\/5L_4398-web-220x147.jpg 220w, https:\/\/www.ceosaconstruccion.com\/wp-content\/uploads\/2022\/07\/5L_4398-web-600x400.jpg 600w, https:\/\/www.ceosaconstruccion.com\/wp-content\/uploads\/2022\/07\/5L_4398-web.jpg 1200w\" sizes=\"auto, (max-width: 1024px) 100vw, 1024px\" \/><\/div><div class=\"w-vwrapper usg_vwrapper_1 grid_style_12 align_center valign_middle\"><h2 class=\"w-post-elm post_title usg_post_title_1 has_text_color entry-title color_link_inherit\">Office renovation Employment<\/h2><\/div>\t\t<\/div>\r\n\t\t\t<\/article>\r\n\t<article class=\"w-grid-item size_1x1 post-4934 us_portfolio type-us_portfolio status-publish has-post-thumbnail hentry\" data-id=\"4934\">\r\n\t\t<div class=\"w-grid-item-h\">\r\n\t\t\t\t\t\t\t<a href=\"https:\/\/www.ceosaconstruccion.com\/en\/portfolio\/edificio-7-infantes-de-lara\/\" class=\"w-grid-item-anchor\" aria-label=\"Edificio 7 Infantes de Lara\"><\/a>\r\n\t\t\t\t\t\t<div class=\"w-post-elm post_image usg_post_image_1 stretched\"><img loading=\"lazy\" decoding=\"async\" width=\"1000\" height=\"592\" src=\"https:\/\/www.ceosaconstruccion.com\/wp-content\/uploads\/2020\/06\/7infantes2.jpg\" class=\"attachment-large size-large wp-post-image\" alt=\"\" srcset=\"https:\/\/www.ceosaconstruccion.com\/wp-content\/uploads\/2020\/06\/7infantes2.jpg 1000w, https:\/\/www.ceosaconstruccion.com\/wp-content\/uploads\/2020\/06\/7infantes2-300x178.jpg 300w, https:\/\/www.ceosaconstruccion.com\/wp-content\/uploads\/2020\/06\/7infantes2-140x83.jpg 140w, https:\/\/www.ceosaconstruccion.com\/wp-content\/uploads\/2020\/06\/7infantes2-220x130.jpg 220w\" sizes=\"auto, (max-width: 1000px) 100vw, 1000px\" \/><\/div><div class=\"w-vwrapper usg_vwrapper_1 grid_style_12 align_center valign_middle\"><h2 class=\"w-post-elm post_title usg_post_title_1 has_text_color entry-title color_link_inherit\">Edificio 7 Infantes de Lara<\/h2><\/div>\t\t<\/div>\r\n\t\t\t<\/article>\r\n\t<article class=\"w-grid-item size_1x1 post-5209 us_portfolio type-us_portfolio status-publish has-post-thumbnail hentry\" data-id=\"5209\">\r\n\t\t<div class=\"w-grid-item-h\">\r\n\t\t\t\t\t\t\t<a href=\"https:\/\/www.ceosaconstruccion.com\/en\/portfolio\/garnacha-residential\/\" class=\"w-grid-item-anchor\" aria-label=\"Garnacha Residential\"><\/a>\r\n\t\t\t\t\t\t<div class=\"w-post-elm post_image usg_post_image_1 stretched\"><img loading=\"lazy\" decoding=\"async\" width=\"1024\" height=\"683\" src=\"https:\/\/www.ceosaconstruccion.com\/wp-content\/uploads\/2022\/07\/1-garnacha-1024x683.jpg\" class=\"attachment-large size-large wp-post-image\" alt=\"Residencial Garnacha\" srcset=\"https:\/\/www.ceosaconstruccion.com\/wp-content\/uploads\/2022\/07\/1-garnacha-1024x683.jpg 1024w, https:\/\/www.ceosaconstruccion.com\/wp-content\/uploads\/2022\/07\/1-garnacha-300x200.jpg 300w, https:\/\/www.ceosaconstruccion.com\/wp-content\/uploads\/2022\/07\/1-garnacha-140x93.jpg 140w, https:\/\/www.ceosaconstruccion.com\/wp-content\/uploads\/2022\/07\/1-garnacha-220x147.jpg 220w, https:\/\/www.ceosaconstruccion.com\/wp-content\/uploads\/2022\/07\/1-garnacha-600x400.jpg 600w, https:\/\/www.ceosaconstruccion.com\/wp-content\/uploads\/2022\/07\/1-garnacha.jpg 1200w\" sizes=\"auto, (max-width: 1024px) 100vw, 1024px\" \/><\/div><div class=\"w-vwrapper usg_vwrapper_1 grid_style_12 align_center valign_middle\"><h2 class=\"w-post-elm post_title usg_post_title_1 has_text_color entry-title color_link_inherit\">Garnacha Residential<\/h2><\/div>\t\t<\/div>\r\n\t\t\t<\/article>\r\n\t<article class=\"w-grid-item size_1x1 post-5248 us_portfolio type-us_portfolio status-publish has-post-thumbnail hentry\" data-id=\"5248\">\r\n\t\t<div class=\"w-grid-item-h\">\r\n\t\t\t\t\t\t\t<a href=\"https:\/\/www.ceosaconstruccion.com\/en\/portfolio\/lanbide-office-renovation\/\" class=\"w-grid-item-anchor\" aria-label=\"Lanbide office renovation\"><\/a>\r\n\t\t\t\t\t\t<div class=\"w-post-elm post_image usg_post_image_1 stretched\"><img loading=\"lazy\" decoding=\"async\" width=\"1024\" height=\"683\" src=\"https:\/\/www.ceosaconstruccion.com\/wp-content\/uploads\/2022\/07\/IMG_1535-lanbide-1024x683.jpg\" class=\"attachment-large size-large wp-post-image\" alt=\"Reforma oficina Lanbide\" srcset=\"https:\/\/www.ceosaconstruccion.com\/wp-content\/uploads\/2022\/07\/IMG_1535-lanbide-1024x683.jpg 1024w, https:\/\/www.ceosaconstruccion.com\/wp-content\/uploads\/2022\/07\/IMG_1535-lanbide-300x200.jpg 300w, https:\/\/www.ceosaconstruccion.com\/wp-content\/uploads\/2022\/07\/IMG_1535-lanbide-140x93.jpg 140w, https:\/\/www.ceosaconstruccion.com\/wp-content\/uploads\/2022\/07\/IMG_1535-lanbide-220x147.jpg 220w, https:\/\/www.ceosaconstruccion.com\/wp-content\/uploads\/2022\/07\/IMG_1535-lanbide-600x400.jpg 600w, https:\/\/www.ceosaconstruccion.com\/wp-content\/uploads\/2022\/07\/IMG_1535-lanbide.jpg 1200w\" sizes=\"auto, (max-width: 1024px) 100vw, 1024px\" \/><\/div><div class=\"w-vwrapper usg_vwrapper_1 grid_style_12 align_center valign_middle\"><h2 class=\"w-post-elm post_title usg_post_title_1 has_text_color entry-title color_link_inherit\">Lanbide office renovation<\/h2><\/div>\t\t<\/div>\r\n\t\t\t<\/article>\r\n<\/div>\t<div class=\"w-grid-preloader\">\r\n\t\t<div class=\"g-preloader type_custom\">\r\n\t\t\t<div><img loading=\"lazy\" decoding=\"async\" width=\"300\" height=\"300\" src=\"https:\/\/www.ceosaconstruccion.com\/wp-content\/uploads\/2020\/02\/icono-ceosa-300x300.png\" class=\"attachment-medium size-medium\" alt=\"icono-ceosa\" srcset=\"https:\/\/www.ceosaconstruccion.com\/wp-content\/uploads\/2020\/02\/icono-ceosa-300x300.png 300w, https:\/\/www.ceosaconstruccion.com\/wp-content\/uploads\/2020\/02\/icono-ceosa-150x150.png 150w, https:\/\/www.ceosaconstruccion.com\/wp-content\/uploads\/2020\/02\/icono-ceosa.png 512w\" sizes=\"auto, (max-width: 300px) 100vw, 300px\" \/><\/div>\r\n\t\t<\/div>\r\n\t<\/div>\r\n\t\t<div class=\"w-grid-json hidden\" onclick='return {&quot;action&quot;:&quot;us_ajax_grid&quot;,&quot;infinite_scroll&quot;:0,&quot;max_num_pages&quot;:9,&quot;pagination&quot;:&quot;none&quot;,&quot;template_vars&quot;:{&quot;columns&quot;:&quot;4&quot;,&quot;exclude_items&quot;:&quot;none&quot;,&quot;img_size&quot;:&quot;default&quot;,&quot;ignore_items_size&quot;:0,&quot;items_layout&quot;:&quot;portfolio_12&quot;,&quot;items_offset&quot;:&quot;1&quot;,&quot;load_animation&quot;:&quot;none&quot;,&quot;overriding_link&quot;:&quot;%7B%22type%22%3A%22post%22%7D&quot;,&quot;post_id&quot;:0,&quot;query_args&quot;:{&quot;post_type&quot;:[&quot;us_portfolio&quot;],&quot;post_status&quot;:[&quot;publish&quot;,&quot;acf-disabled&quot;],&quot;posts_per_page&quot;:&quot;4&quot;},&quot;orderby_query_args&quot;:{&quot;orderby&quot;:{&quot;date&quot;:&quot;DESC&quot;}},&quot;type&quot;:&quot;grid&quot;,&quot;us_grid_post_type&quot;:&quot;us_portfolio&quot;,&quot;us_grid_ajax_index&quot;:2,&quot;us_grid_filter_query_string&quot;:null,&quot;us_grid_index&quot;:2,&quot;page_args&quot;:[],&quot;lang&quot;:&quot;en&quot;}}'><\/div>\r\n\t<\/div><div class=\"w-separator size_medium\"><\/div><div class=\"w-btn-wrapper align_none\"><a class=\"w-btn us-btn-style_3\" title=\"Proyectos\" href=\"https:\/\/www.ceosaconstruccion.com\/en\/projects\/\"><span class=\"w-btn-label\">VIEW ALL PROJECTS<\/span><\/a><\/div><\/div><\/div><\/div><\/div><\/div><\/section>\n","protected":false},"excerpt":{"rendered":"Client Lanbide, Servicio Vasco de Empleo Location Oy\u00f3n (\u00c1lava) Budget 460.000 \u20ac Renovation and expansion of the Lanbide office in Oy\u00f3n. A bright and comfortable workspace to provide personalized customer service. With special emphasis on acoustic and lighting comfort.","protected":false},"author":1,"featured_media":0,"parent":0,"menu_order":0,"comment_status":"closed","ping_status":"closed","template":"","meta":{"_acf_changed":false,"footnotes":""},"class_list":["post-4925","page","type-page","status-publish","hentry"],"acf":[],"_links":{"self":[{"href":"https:\/\/www.ceosaconstruccion.com\/en\/wp-json\/wp\/v2\/pages\/4925","targetHints":{"allow":["GET"]}}],"collection":[{"href":"https:\/\/www.ceosaconstruccion.com\/en\/wp-json\/wp\/v2\/pages"}],"about":[{"href":"https:\/\/www.ceosaconstruccion.com\/en\/wp-json\/wp\/v2\/types\/page"}],"author":[{"embeddable":true,"href":"https:\/\/www.ceosaconstruccion.com\/en\/wp-json\/wp\/v2\/users\/1"}],"replies":[{"embeddable":true,"href":"https:\/\/www.ceosaconstruccion.com\/en\/wp-json\/wp\/v2\/comments?post=4925"}],"version-history":[{"count":4,"href":"https:\/\/www.ceosaconstruccion.com\/en\/wp-json\/wp\/v2\/pages\/4925\/revisions"}],"predecessor-version":[{"id":5096,"href":"https:\/\/www.ceosaconstruccion.com\/en\/wp-json\/wp\/v2\/pages\/4925\/revisions\/5096"}],"wp:attachment":[{"href":"https:\/\/www.ceosaconstruccion.com\/en\/wp-json\/wp\/v2\/media?parent=4925"}],"curies":[{"name":"wp","href":"https:\/\/api.w.org\/{rel}","templated":true}]}}